{"id":147,"date":"2022-01-04T09:08:49","date_gmt":"2022-01-04T09:08:49","guid":{"rendered":"https:\/\/rawtracks.qodeinteractive.com\/?page_id=147"},"modified":"2025-08-29T11:24:50","modified_gmt":"2025-08-29T11:24:50","slug":"main-home","status":"publish","type":"page","link":"https:\/\/cuban8-dj.de\/","title":{"rendered":"Main Home"},"content":{"rendered":"\t\t<div data-elementor-type=\"wp-page\" data-elementor-id=\"147\" class=\"elementor elementor-147\">\n\t\t\t\t\t\t<section class=\"elementor-section elementor-top-section elementor-element elementor-element-513daed elementor-section-full_width elementor-section-height-full elementor-section-content-middle elementor-section-height-default elementor-section-items-middle qodef-elementor-content-no\" data-id=\"513daed\" data-element_type=\"section\" data-settings=\"{&quot;background_background&quot;:&quot;classic&quot;}\">\n\t\t\t\t\t\t<div class=\"elementor-container elementor-column-gap-default\">\n\t\t\t\t\t<div class=\"elementor-column elementor-col-100 elementor-top-column elementor-element elementor-element-6e869b0\" data-id=\"6e869b0\" data-element_type=\"column\">\n\t\t\t<div class=\"elementor-widget-wrap elementor-element-populated\">\n\t\t\t\t\t\t<div class=\"elementor-element elementor-element-a91137f elementor-widget elementor-widget-slider_revolution\" data-id=\"a91137f\" data-element_type=\"widget\" data-widget_type=\"slider_revolution.default\">\n\t\t\t\t\t\n\t\t<div class=\"wp-block-themepunch-revslider\">\n\t\t\t\t<p class=\"rs-p-wp-fix\"><\/p>\n\t\t\t\t<sr7-module data-alias=\"artist-home\" data-id=\"2\" id=\"SR7_2_1\" class=\"rs-ov-hidden\" data-version=\"6.7.32\">\n\t\t\t\t\t<sr7-adjuster><\/sr7-adjuster>\n\t\t\t\t\t<sr7-content>\n\t\t\t\t\t\t<sr7-slide id=\"SR7_2_1-4\" data-key=\"4\">\n\t\t\t\t\t\t\t<sr7-bg id=\"SR7_2_1-4-3\" class=\"sr7-layer\"><noscript><img decoding=\"async\" src=\"https:\/\/cuban8-dj.de\/wp-content\/uploads\/2025\/08\/IMG_8496-scaled.jpg\" alt=\"\" title=\"IMG_8496\"><\/noscript><\/sr7-bg>\n\t\t\t\t\t\t\t<h1 id=\"SR7_2_1-4-2\" class=\"sr7-layer\">CUBAN8<\/h1>\n\t\t\t\t\t\t<\/sr7-slide>\n\t\t\t\t\t\t<sr7-slide id=\"SR7_2_1-13\" data-key=\"13\">\n\t\t\t\t\t\t<\/sr7-slide>\n\t\t\t\t\t<\/sr7-content>\n\t\t\t\t\t<image_lists style=\"display:none\">\n\t\t\t\t\t\t<img data-src=\"\/\/cuban8-dj.de\/wp-content\/uploads\/2025\/08\/IMG_8496-scaled.jpg\" data-libid=\"5567\" data-lib=\"medialibrary\" title=\"IMG_8496\" width=\"0\" height=\"0\" data-dbsrc=\"Ly9jdWJhbjgtZGouZGUvd3AtY29udGVudC91cGxvYWRzLzIwMjUvMDgvSU1HXzg0OTYtc2NhbGVkLmpwZw==\"\/>\n\t\t\t\t\t<\/image_lists>\n\t\t\t\t<\/sr7-module>\n\t\t\t\t<script>\n\t\t\t\t\tSR7.PMH ??={}; SR7.PMH[\"SR7_2_1\"] = {cn:100,state:false,fn: function() { if (_tpt!==undefined && _tpt.prepareModuleHeight !== undefined) {  _tpt.prepareModuleHeight({id:\"SR7_2_1\",el:[1100,1100,645,768,667],type:'hero',shdw:'0',gh:[1100,1100,587,446,275],gw:[1920,1920,1024,778,480],vpt:['-100px'],size:{fullWidth:true, fullHeight:true},fho:'',mh:'0',onh:0,onw:0,bg:{color:'{\"orig\":\"transparent\",\"type\":\"solid\",\"string\":\"transparent\"}'}});   SR7.PMH[\"SR7_2_1\"].state=true;} else if(SR7.PMH[\"SR7_2_1\"].cn-->0)\tsetTimeout( SR7.PMH[\"SR7_2_1\"].fn,19);}};SR7.PMH[\"SR7_2_1\" ].fn();\n\t\t\t\t<\/script>\n<\/div>\n\n\t\t\t\t\t\t<\/div>\n\t\t\t\t\t<\/div>\n\t\t<\/div>\n\t\t\t\t\t<\/div>\n\t\t<\/section>\n\t\t<div class=\"elementor-element elementor-element-facee2f e-flex e-con-boxed qodef-elementor-content-no e-con e-parent\" data-id=\"facee2f\" data-element_type=\"container\">\n\t\t\t\t\t<div class=\"e-con-inner\">\n\t\t\t\t<div class=\"elementor-element elementor-element-346643d elementor-widget elementor-widget-rawtracks_core_section_title\" data-id=\"346643d\" data-element_type=\"widget\" data-widget_type=\"rawtracks_core_section_title.default\">\n\t\t\t\t<div class=\"elementor-widget-container\">\n\t\t\t\t\t<div class=\"qodef-shortcode qodef-m qodef-section-title qodef-alignment--left\">\n\t\t<h2 class=\"qodef-m-title\" >\n\t\tThis is more than <span class=\"qodef-custom-styles\">just<\/span> <span class=\"qodef-custom-styles\">music<\/span> - It's a <span class=\"qodef-custom-styles\">movement<\/span>\t\t<\/h2>\n\t\t\t<\/div>\n\t\t\t\t<\/div>\n\t\t\t\t<\/div>\n\t\t\t\t\t<\/div>\n\t\t\t\t<\/div>\n\t\t<div class=\"elementor-element elementor-element-d8801fb e-flex e-con-boxed qodef-elementor-content-no e-con e-parent\" data-id=\"d8801fb\" data-element_type=\"container\">\n\t\t\t\t\t<div class=\"e-con-inner\">\n\t\t<div class=\"elementor-element elementor-element-10388b3 e-con-full e-flex qodef-elementor-content-no e-con e-child\" data-id=\"10388b3\" data-element_type=\"container\">\n\t\t\t\t<div class=\"elementor-element elementor-element-9cd7690 elementor-invisible elementor-widget elementor-widget-image\" data-id=\"9cd7690\" data-element_type=\"widget\" data-settings=\"{&quot;_animation&quot;:&quot;fadeIn&quot;}\" data-widget_type=\"image.default\">\n\t\t\t\t\t\t\t\t\t\t\t\t\t\t\t<img fetchpriority=\"high\" decoding=\"async\" width=\"768\" height=\"1024\" src=\"https:\/\/cuban8-dj.de\/wp-content\/uploads\/2025\/08\/IMG_8306.jpg\" class=\"attachment-medium_large size-medium_large wp-image-5583\" alt=\"\" srcset=\"https:\/\/cuban8-dj.de\/wp-content\/uploads\/2025\/08\/IMG_8306.jpg 768w, https:\/\/cuban8-dj.de\/wp-content\/uploads\/2025\/08\/IMG_8306-225x300.jpg 225w\" sizes=\"(max-width: 768px) 100vw, 768px\" \/>\t\t\t\t\t\t\t\t\t\t\t\t\t\t\t<\/div>\n\t\t\t\t<\/div>\n\t\t<div class=\"elementor-element elementor-element-189b5da e-con-full e-flex qodef-elementor-content-no e-con e-child\" data-id=\"189b5da\" data-element_type=\"container\">\n\t\t<div class=\"elementor-element elementor-element-68e49cc e-con-full e-flex qodef-elementor-content-no e-con e-child\" data-id=\"68e49cc\" data-element_type=\"container\">\n\t\t\t\t<div class=\"elementor-element elementor-element-d662e7a elementor-widget elementor-widget-text-editor\" data-id=\"d662e7a\" data-element_type=\"widget\" data-widget_type=\"text-editor.default\">\n\t\t\t\t\t\t\t\t\t<p class=\"p1\">Was einst am heimischen Rechner begann, hat sich \u00fcber die Jahre zu einer elektrisierenden Reise durch die Welt der elektronischen Musik entwickelt. Cuban8 wagte vor rund 15 Jahren seine ersten Schritte als DJ \u2013 und aus Neugier wurde brennende Leidenschaft.<\/p><p class=\"p1\">Seine Musikauswahl ist kein Zufall. Jeder Track wird mit \u00e4u\u00dferster Sorgfalt kuratiert, um maximale Energie, tiefe Emotionen und unvergessliche Melodien zu vereinen.<\/p><p class=\"p1\">Die Reise f\u00fchrte ihn unter anderem zu <b>Rautemusik.FM<\/b>, wo er \u00fcber viele Jahre an den Radiodecks stand und seine Handschrift sch\u00e4rfte. Seit 2018 steht er regelm\u00e4\u00dfig in den Clubs hinter den Decks. Viele Jahre als Resident in seiner Heimatstadt, und seit 2022 fester Bestandteil von <b>WeAreOne<\/b>.<\/p><p class=\"p1\">In dieser Zeit hat er sich die Booth bereits mit namhaften Artists wie <b>The Disco Boys, I AM BAM, Noemi Black, Ochs &amp; Klick, Kevin Arnold<\/b> und vielen weiteren geteilt. Sein musikalisches Zuhause ist fest in der House-Welt verankert \u2013 von Classic \u00fcber Disco bis hin zu treibendem Tech House. Wie sein Name schon andeutet, d\u00fcrfen <b>Latin-Vibes<\/b> dabei nie fehlen \u2013 sie sind sein Signature-Flavour.<\/p><p class=\"p1\">Doch auch der <b>Underground<\/b> pulsiert in seinen Adern: In seinen Techno- und PeakTime-Sessions l\u00e4sst er regelm\u00e4\u00dfig seine melodische, druckvollere Seite aufleben.<\/p><p class=\"p1\"><b>Cuban8<\/b> steht f\u00fcr genre\u00fcbergreifende, <b>melodische elektronische Musik<\/b>, die sich nicht in Schubladen pressen l\u00e4sst \u2013 aber immer eines ist: voller Seele, Energie und absolut tanzbar.<\/p>\t\t\t\t\t\t\t\t<\/div>\n\t\t\t\t<\/div>\n\t\t<div class=\"elementor-element elementor-element-03c098e e-con-full e-flex qodef-elementor-content-no e-con e-child\" data-id=\"03c098e\" data-element_type=\"container\">\n\t\t\t\t<div class=\"elementor-element elementor-element-ee4259a elementor-widget__width-initial elementor-widget elementor-widget-rawtracks_core_icon_with_text\" data-id=\"ee4259a\" data-element_type=\"widget\" data-widget_type=\"rawtracks_core_icon_with_text.default\">\n\t\t\t\t<div class=\"elementor-widget-container\">\n\t\t\t\t\t<div class=\"qodef-shortcode qodef-m qodef-icon-with-text qodef-layout--after-title qodef--icon-predefined\">\n\t<div class=\"qodef-m-content\">\n\t\t\t<h4 class=\"qodef-m-title\" style=\"font-weight: 400\">\n\t\t\t\t\t<a itemprop=\"url\" href=\"mailto:booking@cuban8-dj.de\" target=\"_self\">\n\t\t\t\t\t<span class=\"qodef-m-title-inner\">\n\t\t\t\t<span class=\"qodef-m-title-text\">\n\t\t\t\t\tbooking@cuban8-dj.de\t\t\t\t<\/span>\n\t\t\t\t<span class=\"qodef-m-icon-wrapper\">\n\t\t\t\t\t<svg class=\"qodef-svg--button-arrow qodef-e-predefined-icon\" xmlns=\"http:\/\/www.w3.org\/2000\/svg\"\n     xmlns:xlink=\"http:\/\/www.w3.org\/1999\/xlink\" x=\"0px\" y=\"0px\" width=\"10\" height=\"10\"\n     viewBox=\"0 0 10 10\" style=\"enable-background:new 0 0 10 10;\" xml:space=\"preserve\"><line x1=\"0.9\" y1=\"9.1\" x2=\"8.9\" y2=\"1.1\"\/><line x1=\"1\" y1=\"1\" x2=\"9\" y2=\"1\"\/><line x1=\"9\" y1=\"9\" x2=\"9\" y2=\"1\"\/><\/svg>\t\t\t\t<\/span>\n\t\t\t<\/span>\n\t\t\t\t\t<\/a>\n\t\t\t<\/h4>\n\t\t\t<p class=\"qodef-m-text\" >Booking requests<\/p>\n\t<\/div>\n<\/div>\n\t\t\t\t<\/div>\n\t\t\t\t<\/div>\n\t\t\t\t<\/div>\n\t\t\t\t<\/div>\n\t\t\t\t\t<\/div>\n\t\t\t\t<\/div>\n\t\t\t\t<section class=\"elementor-section elementor-top-section elementor-element elementor-element-ab222f8 elementor-section-full_width qodef-elementor-content-grid elementor-section-height-default elementor-section-height-default\" data-id=\"ab222f8\" data-element_type=\"section\">\n\t\t\t\t\t\t<div class=\"elementor-container elementor-column-gap-default\">\n\t\t\t\t\t<div class=\"elementor-column elementor-col-100 elementor-top-column elementor-element elementor-element-3deb4ab\" data-id=\"3deb4ab\" data-element_type=\"column\">\n\t\t\t<div class=\"elementor-widget-wrap elementor-element-populated\">\n\t\t\t\t\t\t<div class=\"elementor-element elementor-element-2f0336e elementor-widget elementor-widget-rawtracks_core_events_list\" data-id=\"2f0336e\" data-element_type=\"widget\" data-widget_type=\"rawtracks_core_events_list.default\">\n\t\t\t\t<div class=\"elementor-widget-container\">\n\t\t\t\t\t<div class=\"qodef-shortcode qodef-m qodef-events-list qodef-item-layout--info-table qodef-filter-width--25 qodef-grid qodef-layout--columns qodef-gutter--no qodef-col-num--1 qodef-item-layout--info-table qodef--no-bottom-space qodef-pagination--off qodef-responsive--predefined\" data-options=\"{&quot;plugin&quot;:&quot;rawtracks_core&quot;,&quot;module&quot;:&quot;post-types\\\/events\\\/shortcodes&quot;,&quot;shortcode&quot;:&quot;events-list&quot;,&quot;post_type&quot;:&quot;event-item&quot;,&quot;next_page&quot;:&quot;2&quot;,&quot;max_pages_num&quot;:1,&quot;behavior&quot;:&quot;columns&quot;,&quot;images_proportion&quot;:&quot;full&quot;,&quot;columns&quot;:&quot;1&quot;,&quot;columns_responsive&quot;:&quot;predefined&quot;,&quot;columns_1440&quot;:&quot;3&quot;,&quot;columns_1366&quot;:&quot;3&quot;,&quot;columns_1024&quot;:&quot;3&quot;,&quot;columns_768&quot;:&quot;3&quot;,&quot;columns_680&quot;:&quot;3&quot;,&quot;columns_480&quot;:&quot;3&quot;,&quot;space&quot;:&quot;no&quot;,&quot;posts_per_page&quot;:&quot;5&quot;,&quot;orderby&quot;:&quot;date&quot;,&quot;order&quot;:&quot;ASC&quot;,&quot;additional_params&quot;:&quot;tax&quot;,&quot;tax&quot;:&quot;event-types&quot;,&quot;tax_slug&quot;:&quot;upcoming&quot;,&quot;layout&quot;:&quot;info-table&quot;,&quot;title_tag&quot;:&quot;h4&quot;,&quot;distort_animation&quot;:&quot;no&quot;,&quot;filter_position&quot;:&quot;top&quot;,&quot;filter_width&quot;:&quot;25&quot;,&quot;pagination_type&quot;:&quot;no-pagination&quot;,&quot;custom_button_target&quot;:&quot;_self&quot;,&quot;show_top_info&quot;:&quot;yes&quot;,&quot;top_info_title&quot;:&quot;Upcoming Events&quot;,&quot;top_info_title_tag&quot;:&quot;h2&quot;,&quot;object_class_name&quot;:&quot;RawtracksCore_Events_List_Shortcode&quot;,&quot;taxonomy_filter&quot;:&quot;event-types&quot;,&quot;additional_query_args&quot;:{&quot;tax_query&quot;:[{&quot;taxonomy&quot;:&quot;event-types&quot;,&quot;field&quot;:&quot;slug&quot;,&quot;terms&quot;:&quot;upcoming&quot;}]},&quot;item_classes&quot;:&quot;qodef-e qodef-grid-item &quot;,&quot;space_value&quot;:0}\">\n\t\t<div class=\"qodef-m-top-info\">\n\t\t<h2 itemprop=\"name\" class=\"qodef-e-title entry-title\">\n\t\tUpcoming Events\t\t<\/h2>\n\t<\/div>\n\t<div class=\"qodef-grid-inner clear\">\n\t\t<div class=\"qodef-e qodef-grid-item\">\n\t<div class=\"qodef-e-inner\">\n\t\t<div class=\"qodef-e-info-date\">\n\t<span class=\"qodef-e-info-date-start\"><span class=\"qodef--day\">20<\/span><span class=\"qodef--month\">Sep<\/span><\/span>\t<div class=\"qodef-info-separator-end\"><\/div>\n<\/div>\n\t\t<div class=\"qodef-e-title-act\">\n\t\t\t<h4 itemprop=\"name\" class=\"qodef-e-title entry-title\" >\n\t<a itemprop=\"url\" class=\"qodef-e-title-link\" href=\"https:\/\/cuban8-dj.de\/index.php\/event-item\/5507\/\">\n\t\tPLAY presents PAPPENHEIMER\t<\/a>\n<\/h4>\n\t\t\t\t<span class=\"qodef-e-act\">\n\t\tCuban8\t<\/span>\n\t\t<\/div>\n\t\t<div class=\"qodef-e-city-country\">\n\t\t\t\t<span class=\"qodef-e-city\">\n\t\tBad Homburg\t<\/span>\n\t\t\t\t<span class=\"qodef-e-country\">\n\t\tDE\t<\/span>\n\t\t<\/div>\n\t\t\t<div class=\"qodef-e-media-image\">\n\t\t<a itemprop=\"url\" href=\"https:\/\/cuban8-dj.de\/index.php\/event-item\/5507\/\">\n\t\t\t\t\t\t\t<img decoding=\"async\" width=\"960\" height=\"503\" src=\"https:\/\/cuban8-dj.de\/wp-content\/uploads\/2025\/08\/484833168_987111423552894_7810564309785560131_n.jpg\" class=\"attachment-full size-full\" alt=\"\" srcset=\"https:\/\/cuban8-dj.de\/wp-content\/uploads\/2025\/08\/484833168_987111423552894_7810564309785560131_n.jpg 960w, https:\/\/cuban8-dj.de\/wp-content\/uploads\/2025\/08\/484833168_987111423552894_7810564309785560131_n-300x157.jpg 300w, https:\/\/cuban8-dj.de\/wp-content\/uploads\/2025\/08\/484833168_987111423552894_7810564309785560131_n-768x402.jpg 768w, https:\/\/cuban8-dj.de\/wp-content\/uploads\/2025\/08\/484833168_987111423552894_7810564309785560131_n-600x314.jpg 600w\" sizes=\"(max-width: 960px) 100vw, 960px\" \/>\t\t\t\t\t<\/a>\n\t<\/div>\n\t\t\t<div class=\"qodef-e-tickets-link\">\n\t\t<a class=\"qodef-shortcode qodef-m qodef-button qodef-layout--textual qodef-html--link\" href=\"https:\/\/www.ticketticker.de\/index.php\/page\/show\/event\/20092025-play-presents-pappenheimer\" target=\"\">\n\t\t\t<span class=\"qodef-m-text\">BUY TICKETS<\/span>\n\t\t\t<span class=\"qodef-m-icon\"><svg class=\"qodef-svg--button-arrow\" xmlns=\"http:\/\/www.w3.org\/2000\/svg\"\n     xmlns:xlink=\"http:\/\/www.w3.org\/1999\/xlink\" x=\"0px\" y=\"0px\" width=\"10\" height=\"10\"\n     viewBox=\"0 0 10 10\" style=\"enable-background:new 0 0 10 10;\" xml:space=\"preserve\"><line x1=\"0.9\" y1=\"9.1\" x2=\"8.9\" y2=\"1.1\"\/><line x1=\"1\" y1=\"1\" x2=\"9\" y2=\"1\"\/><line x1=\"9\" y1=\"9\" x2=\"9\" y2=\"1\"\/><\/svg><\/span>\n\t\t<\/a>\n\t<\/div>\n\t<\/div>\n<\/div>\n<div class=\"qodef-e qodef-grid-item\">\n\t<div class=\"qodef-e-inner\">\n\t\t<div class=\"qodef-e-info-date\">\n\t<span class=\"qodef-e-info-date-start\"><span class=\"qodef--day\">24<\/span><span class=\"qodef--month\">Oct<\/span><\/span>\t<div class=\"qodef-info-separator-end\"><\/div>\n<\/div>\n\t\t<div class=\"qodef-e-title-act\">\n\t\t\t<h4 itemprop=\"name\" class=\"qodef-e-title entry-title\" >\n\t<a itemprop=\"url\" class=\"qodef-e-title-link\" href=\"https:\/\/cuban8-dj.de\/index.php\/event-item\/weareone-with-jowi-deguzman\/\">\n\t\tWeAreOne with Jowi &#038; DeGuzman\t<\/a>\n<\/h4>\n\t\t\t\t<span class=\"qodef-e-act\">\n\t\tCuban8\t<\/span>\n\t\t<\/div>\n\t\t<div class=\"qodef-e-city-country\">\n\t\t\t\t<span class=\"qodef-e-city\">\n\t\tKaiserslautern\t<\/span>\n\t\t\t\t<span class=\"qodef-e-country\">\n\t\tDE\t<\/span>\n\t\t<\/div>\n\t\t\t<div class=\"qodef-e-media-image\">\n\t\t<a itemprop=\"url\" href=\"https:\/\/cuban8-dj.de\/index.php\/event-item\/weareone-with-jowi-deguzman\/\">\n\t\t\t\t\t\t\t<img loading=\"lazy\" decoding=\"async\" width=\"678\" height=\"960\" src=\"https:\/\/cuban8-dj.de\/wp-content\/uploads\/2025\/08\/516540216_1138866058267171_5498875639484802030_n.jpg\" class=\"attachment-full size-full\" alt=\"\" srcset=\"https:\/\/cuban8-dj.de\/wp-content\/uploads\/2025\/08\/516540216_1138866058267171_5498875639484802030_n.jpg 678w, https:\/\/cuban8-dj.de\/wp-content\/uploads\/2025\/08\/516540216_1138866058267171_5498875639484802030_n-212x300.jpg 212w, https:\/\/cuban8-dj.de\/wp-content\/uploads\/2025\/08\/516540216_1138866058267171_5498875639484802030_n-600x850.jpg 600w\" sizes=\"(max-width: 678px) 100vw, 678px\" \/>\t\t\t\t\t<\/a>\n\t<\/div>\n\t\t\t<div class=\"qodef-e-tickets-link\">\n\t\t<a class=\"qodef-shortcode qodef-m qodef-button qodef-layout--textual qodef-html--link\" href=\"\" target=\"\">\n\t\t\t<span class=\"qodef-m-text\">Buy Tickets<\/span>\n\t\t\t<span class=\"qodef-m-icon\"><svg class=\"qodef-svg--button-arrow\" xmlns=\"http:\/\/www.w3.org\/2000\/svg\"\n     xmlns:xlink=\"http:\/\/www.w3.org\/1999\/xlink\" x=\"0px\" y=\"0px\" width=\"10\" height=\"10\"\n     viewBox=\"0 0 10 10\" style=\"enable-background:new 0 0 10 10;\" xml:space=\"preserve\"><line x1=\"0.9\" y1=\"9.1\" x2=\"8.9\" y2=\"1.1\"\/><line x1=\"1\" y1=\"1\" x2=\"9\" y2=\"1\"\/><line x1=\"9\" y1=\"9\" x2=\"9\" y2=\"1\"\/><\/svg><\/span>\n\t\t<\/a>\n\t<\/div>\n\t<\/div>\n<\/div>\n\t<\/div>\n\t<\/div>\n\t\t\t\t<\/div>\n\t\t\t\t<\/div>\n\t\t\t\t\t<\/div>\n\t\t<\/div>\n\t\t\t\t\t<\/div>\n\t\t<\/section>\n\t\t<div class=\"elementor-element elementor-element-97a5000 e-flex e-con-boxed qodef-elementor-content-no e-con e-parent\" data-id=\"97a5000\" data-element_type=\"container\">\n\t\t\t\t\t<div class=\"e-con-inner\">\n\t\t\t\t<div class=\"elementor-element elementor-element-d73eae5 elementor-widget elementor-widget-html\" data-id=\"d73eae5\" data-element_type=\"widget\" data-widget_type=\"html.default\">\n\t\t\t\t\t<iframe width=\"100%\" height=\"650\" scrolling=\"no\" frameborder=\"no\" allow=\"autoplay\" src=\"https:\/\/w.soundcloud.com\/player\/?url=https%3A\/\/api.soundcloud.com\/tracks\/1956777047&color=%23ff5500&auto_play=false&hide_related=false&show_comments=true&show_user=true&show_reposts=false&show_teaser=true&visual=true\"><\/iframe><div style=\"font-size: 10px; color: #cccccc;line-break: anywhere;word-break: normal;overflow: hidden;white-space: nowrap;text-overflow: ellipsis; font-family: Interstate,Lucida Grande,Lucida Sans Unicode,Lucida Sans,Garuda,Verdana,Tahoma,sans-serif;font-weight: 100;\"><a href=\"https:\/\/soundcloud.com\/official_cuban8\" title=\"Cuban8\" target=\"_blank\" style=\"color: #cccccc; text-decoration: none;\">Cuban8<\/a> \u00b7 <a href=\"https:\/\/soundcloud.com\/official_cuban8\/cuban8-weareone-w-the-disco-boys\" title=\"Cuban8 @ WeAreOne \/w The Disco Boys 31.10.2024\" target=\"_blank\" style=\"color: #cccccc; text-decoration: none;\">Cuban8 @ WeAreOne \/w The Disco Boys 31.10.2024<\/a><\/div>\t\t\t\t<\/div>\n\t\t\t\t\t<\/div>\n\t\t\t\t<\/div>\n\t\t\t\t<\/div>\n\t\t","protected":false},"excerpt":{"rendered":"<p>This is more than just music &#8211; It&#8217;s a movement Was einst am heimischen Rechner begann, hat sich \u00fcber die Jahre zu einer elektrisierenden Reise durch die Welt der elektronischen Musik entwickelt. Cuban8 wagte vor rund 15 Jahren seine ersten Schritte als DJ \u2013 und aus Neugier wurde brennende Leidenschaft. Seine Musikauswahl ist kein Zufall. [&hellip;]<\/p>\n","protected":false},"author":1,"featured_media":0,"parent":0,"menu_order":0,"comment_status":"closed","ping_status":"closed","template":"","meta":{"_themeisle_gutenberg_block_has_review":false,"iawp_total_views":138,"footnotes":""},"class_list":["post-147","page","type-page","status-publish","hentry"],"_links":{"self":[{"href":"https:\/\/cuban8-dj.de\/index.php\/wp-json\/wp\/v2\/pages\/147","targetHints":{"allow":["GET"]}}],"collection":[{"href":"https:\/\/cuban8-dj.de\/index.php\/wp-json\/wp\/v2\/pages"}],"about":[{"href":"https:\/\/cuban8-dj.de\/index.php\/wp-json\/wp\/v2\/types\/page"}],"author":[{"embeddable":true,"href":"https:\/\/cuban8-dj.de\/index.php\/wp-json\/wp\/v2\/users\/1"}],"replies":[{"embeddable":true,"href":"https:\/\/cuban8-dj.de\/index.php\/wp-json\/wp\/v2\/comments?post=147"}],"version-history":[{"count":48,"href":"https:\/\/cuban8-dj.de\/index.php\/wp-json\/wp\/v2\/pages\/147\/revisions"}],"predecessor-version":[{"id":5644,"href":"https:\/\/cuban8-dj.de\/index.php\/wp-json\/wp\/v2\/pages\/147\/revisions\/5644"}],"wp:attachment":[{"href":"https:\/\/cuban8-dj.de\/index.php\/wp-json\/wp\/v2\/media?parent=147"}],"curies":[{"name":"wp","href":"https:\/\/api.w.org\/{rel}","templated":true}]}}